{"id":101790,"date":"2021-11-19T18:27:56","date_gmt":"2021-11-19T17:27:56","guid":{"rendered":"https:\/\/anaburazin.hr\/about\/"},"modified":"2023-01-16T11:59:12","modified_gmt":"2023-01-16T10:59:12","slug":"about","status":"publish","type":"page","link":"https:\/\/anaburazin.hr\/en\/about\/","title":{"rendered":"About"},"content":{"rendered":"<p>[vc_row row_height_percent=&#8221;85&#8243; override_padding=&#8221;yes&#8221; h_padding=&#8221;2&#8243; top_padding=&#8221;7&#8243; bottom_padding=&#8221;4&#8243; back_color=&#8221;accent&#8221; overlay_alpha=&#8221;50&#8243; gutter_size=&#8221;3&#8243; column_width_percent=&#8221;100&#8243; shift_y=&#8221;0&#8243; z_index=&#8221;0&#8243; top_divider=&#8221;gradient&#8221; uncode_shortcode_id=&#8221;501832&#8243; back_color_type=&#8221;uncode-palette&#8221;][vc_column column_width_percent=&#8221;100&#8243; position_vertical=&#8221;middle&#8221; gutter_size=&#8221;2&#8243; style=&#8221;dark&#8221; overlay_alpha=&#8221;50&#8243; shift_x=&#8221;0&#8243; shift_y=&#8221;0&#8243; shift_y_down=&#8221;0&#8243; z_index=&#8221;0&#8243; medium_width=&#8221;0&#8243; mobile_width=&#8221;0&#8243; width=&#8221;1\/1&#8243;][vc_custom_heading text_color=&#8221;color-xsdn&#8221; heading_semantic=&#8221;h1&#8243; text_font=&#8221;font-136269&#8243; text_size=&#8221;fontsize-160000&#8243; text_weight=&#8221;500&#8243; text_transform=&#8221;uppercase&#8221; text_space=&#8221;fontspace-135905&#8243; uncode_shortcode_id=&#8221;136271&#8243; text_color_type=&#8221;uncode-palette&#8221;]About[\/vc_custom_heading][vc_custom_heading text_font=&#8221;font-136269&#8243; text_size=&#8221;fontsize-160206&#8243; text_weight=&#8221;500&#8243; uncode_shortcode_id=&#8221;135716&#8243;]Ana Burazin[\/vc_custom_heading][vc_empty_space][vc_row_inner row_inner_height_percent=&#8221;0&#8243; overlay_alpha=&#8221;50&#8243; gutter_size=&#8221;4&#8243; shift_y=&#8221;0&#8243; z_index=&#8221;0&#8243; limit_content=&#8221;&#8221;][vc_column_inner column_width_percent=&#8221;100&#8243; align_horizontal=&#8221;align_center&#8221; gutter_size=&#8221;3&#8243; style=&#8221;dark&#8221; overlay_alpha=&#8221;50&#8243; shift_x=&#8221;0&#8243; shift_y=&#8221;0&#8243; shift_y_down=&#8221;0&#8243; z_index=&#8221;0&#8243; medium_visibility=&#8221;yes&#8221; medium_width=&#8221;0&#8243; mobile_visibility=&#8221;yes&#8221; mobile_width=&#8221;0&#8243; width=&#8221;2\/12&#8243; uncode_shortcode_id=&#8221;167505&#8243;][\/vc_column_inner][vc_column_inner width=&#8221;8\/12&#8243;][vc_custom_heading text_color=&#8221;color-lxmt&#8221; heading_semantic=&#8221;h3&#8243; text_font=&#8221;font-377884&#8243; text_size=&#8221;h3&#8243; text_weight=&#8221;300&#8243; text_height=&#8221;fontheight-357766&#8243; uncode_shortcode_id=&#8221;765998&#8243; text_color_type=&#8221;uncode-palette&#8221;]I have been providing professional translating and interpreting services since 2006. During my career I have provided translating and interpreting services to the Ministry of Foreign and European Affairs of the Republic of Croatia, Ministry of Justice of the Republic of Croatia, Judicial Academy, Croatian Bar Association, Croatian Chamber of Commerce, Law Faculty of the University of Zagreb, courts, lawyers and notaries.[\/vc_custom_heading][\/vc_column_inner][vc_column_inner column_width_percent=&#8221;100&#8243; gutter_size=&#8221;3&#8243; overlay_alpha=&#8221;50&#8243; shift_x=&#8221;0&#8243; shift_y=&#8221;0&#8243; shift_y_down=&#8221;0&#8243; z_index=&#8221;0&#8243; medium_visibility=&#8221;yes&#8221; medium_width=&#8221;0&#8243; mobile_visibility=&#8221;yes&#8221; mobile_width=&#8221;0&#8243; width=&#8221;2\/12&#8243; uncode_shortcode_id=&#8221;141992&#8243;][\/vc_column_inner][\/vc_row_inner][\/vc_column][\/vc_row][vc_row row_height_percent=&#8221;0&#8243; override_padding=&#8221;yes&#8221; h_padding=&#8221;2&#8243; top_padding=&#8221;5&#8243; bottom_padding=&#8221;5&#8243; overlay_alpha=&#8221;50&#8243; gutter_size=&#8221;3&#8243; column_width_percent=&#8221;100&#8243; shift_y=&#8221;0&#8243; z_index=&#8221;0&#8243;][vc_column column_width_percent=&#8221;100&#8243; gutter_size=&#8221;3&#8243; font_family=&#8221;font-136269&#8243; overlay_alpha=&#8221;50&#8243; shift_x=&#8221;0&#8243; shift_y=&#8221;0&#8243; shift_y_down=&#8221;0&#8243; z_index=&#8221;0&#8243; medium_width=&#8221;0&#8243; mobile_width=&#8221;0&#8243; width=&#8221;1\/1&#8243; uncode_shortcode_id=&#8221;193727&#8243;][vc_row_inner row_inner_height_percent=&#8221;0&#8243; overlay_alpha=&#8221;50&#8243; gutter_size=&#8221;4&#8243; shift_y=&#8221;0&#8243; z_index=&#8221;0&#8243; limit_content=&#8221;&#8221;][vc_column_inner column_width_percent=&#8221;100&#8243; gutter_size=&#8221;2&#8243; overlay_alpha=&#8221;50&#8243; shift_x=&#8221;0&#8243; shift_y=&#8221;0&#8243; shift_y_down=&#8221;0&#8243; z_index=&#8221;0&#8243; medium_width=&#8221;0&#8243; mobile_width=&#8221;0&#8243; width=&#8221;1\/2&#8243;][vc_custom_heading heading_semantic=&#8221;h3&#8243; text_font=&#8221;font-136269&#8243; text_size=&#8221;h3&#8243; text_weight=&#8221;500&#8243; text_height=&#8221;fontheight-524109&#8243; uncode_shortcode_id=&#8221;151737&#8243;]Translating[\/vc_custom_heading][vc_column_text text_lead=&#8221;yes&#8221; uncode_shortcode_id=&#8221;386354&#8243;]<\/p>\n<ul>\n<li>from English into Croatian<\/li>\n<li>from French into Croatian<\/li>\n<li>from Croatian into English<\/li>\n<\/ul>\n<p>[\/vc_column_text][\/vc_column_inner][vc_column_inner column_width_percent=&#8221;100&#8243; gutter_size=&#8221;2&#8243; overlay_alpha=&#8221;50&#8243; shift_x=&#8221;0&#8243; shift_y=&#8221;0&#8243; shift_y_down=&#8221;0&#8243; z_index=&#8221;0&#8243; medium_width=&#8221;0&#8243; mobile_width=&#8221;0&#8243; width=&#8221;1\/2&#8243;][vc_custom_heading heading_semantic=&#8221;h3&#8243; text_font=&#8221;font-136269&#8243; text_size=&#8221;h3&#8243; text_weight=&#8221;500&#8243; text_height=&#8221;fontheight-524109&#8243; uncode_shortcode_id=&#8221;195148&#8243;]Court interpreting[\/vc_custom_heading][vc_column_text text_lead=&#8221;yes&#8221; uncode_shortcode_id=&#8221;195690&#8243;]<\/p>\n<ul>\n<li>from English into Croatian<\/li>\n<li>from Croatian into English<\/li>\n<\/ul>\n<p>[\/vc_column_text][\/vc_column_inner][\/vc_row_inner][vc_row_inner row_inner_height_percent=&#8221;0&#8243; overlay_alpha=&#8221;50&#8243; gutter_size=&#8221;4&#8243; shift_y=&#8221;0&#8243; z_index=&#8221;0&#8243; limit_content=&#8221;&#8221;][vc_column_inner column_width_percent=&#8221;100&#8243; gutter_size=&#8221;2&#8243; overlay_alpha=&#8221;50&#8243; shift_x=&#8221;0&#8243; shift_y=&#8221;0&#8243; shift_y_down=&#8221;0&#8243; z_index=&#8221;0&#8243; medium_width=&#8221;0&#8243; mobile_width=&#8221;0&#8243; width=&#8221;1\/2&#8243;][vc_custom_heading heading_semantic=&#8221;h3&#8243; text_font=&#8221;font-136269&#8243; text_size=&#8221;h3&#8243; text_weight=&#8221;500&#8243; text_height=&#8221;fontheight-524109&#8243; uncode_shortcode_id=&#8221;408749&#8243;]Proofreading[\/vc_custom_heading][vc_column_text text_lead=&#8221;yes&#8221; uncode_shortcode_id=&#8221;903998&#8243;]<\/p>\n<ul>\n<li>of English language texts<\/li>\n<\/ul>\n<p>[\/vc_column_text][\/vc_column_inner][vc_column_inner column_width_percent=&#8221;100&#8243; gutter_size=&#8221;2&#8243; overlay_alpha=&#8221;50&#8243; shift_x=&#8221;0&#8243; shift_y=&#8221;0&#8243; shift_y_down=&#8221;0&#8243; z_index=&#8221;0&#8243; medium_width=&#8221;0&#8243; mobile_width=&#8221;0&#8243; width=&#8221;1\/2&#8243;][vc_custom_heading heading_semantic=&#8221;h3&#8243; text_font=&#8221;font-136269&#8243; text_size=&#8221;h3&#8243; text_weight=&#8221;500&#8243; text_height=&#8221;fontheight-524109&#8243; uncode_shortcode_id=&#8221;408705&#8243;]Conference interpreting (consecutive, simultaneous, whispered)[\/vc_custom_heading][vc_column_text text_lead=&#8221;yes&#8221; uncode_shortcode_id=&#8221;165985&#8243;]<\/p>\n<ul>\n<li>from English into Croatian<\/li>\n<li>from Croatian into English<\/li>\n<li>from French into Croatian<\/li>\n<\/ul>\n<p>[\/vc_column_text][\/vc_column_inner][\/vc_row_inner][vc_empty_space empty_h=&#8221;4&#8243;][\/vc_column][\/vc_row][vc_row row_height_percent=&#8221;0&#8243; override_padding=&#8221;yes&#8221; h_padding=&#8221;2&#8243; top_padding=&#8221;0&#8243; bottom_padding=&#8221;7&#8243; back_color=&#8221;color-wayh&#8221; back_image=&#8221;101531&#8243; back_repeat=&#8221;no-repeat&#8221; parallax=&#8221;yes&#8221; overlay_color=&#8221;color-xsdn&#8221; overlay_alpha=&#8221;0&#8243; gutter_size=&#8221;3&#8243; column_width_percent=&#8221;100&#8243; shift_y=&#8221;0&#8243; z_index=&#8221;0&#8243; top_divider=&#8221;gradient&#8221; uncode_shortcode_id=&#8221;356705&#8243; back_color_type=&#8221;uncode-palette&#8221; overlay_color_type=&#8221;uncode-palette&#8221; back_size=&#8221;100%&#8221;][vc_column column_width_percent=&#8221;100&#8243; align_horizontal=&#8221;align_center&#8221; gutter_size=&#8221;3&#8243; override_padding=&#8221;yes&#8221; column_padding=&#8221;4&#8243; style=&#8221;dark&#8221; back_color=&#8221;color-lxmt&#8221; overlay_alpha=&#8221;50&#8243; shift_x=&#8221;0&#8243; shift_y=&#8221;-5&#8243; shift_y_fixed=&#8221;yes&#8221; shift_y_down=&#8221;0&#8243; z_index=&#8221;0&#8243; medium_width=&#8221;0&#8243; mobile_width=&#8221;0&#8243; radius=&#8221;sm&#8221; shadow=&#8221;lg&#8221; shadow_darker=&#8221;yes&#8221; width=&#8221;1\/1&#8243; uncode_shortcode_id=&#8221;327413&#8243; back_color_type=&#8221;uncode-palette&#8221;][vc_row_inner row_inner_height_percent=&#8221;0&#8243; overlay_alpha=&#8221;0&#8243; gutter_size=&#8221;4&#8243; shift_y=&#8221;0&#8243; z_index=&#8221;0&#8243; limit_content=&#8221;&#8221; uncode_shortcode_id=&#8221;137410&#8243;][vc_column_inner column_width_percent=&#8221;100&#8243; gutter_size=&#8221;3&#8243; style=&#8221;dark&#8221; overlay_alpha=&#8221;50&#8243; shift_x=&#8221;0&#8243; shift_y=&#8221;0&#8243; shift_y_down=&#8221;0&#8243; z_index=&#8221;0&#8243; medium_width=&#8221;0&#8243; mobile_width=&#8221;0&#8243; width=&#8221;1\/4&#8243;][vc_custom_heading text_color=&#8221;color-jevc&#8221; text_font=&#8221;font-136269&#8243; text_weight=&#8221;500&#8243; text_height=&#8221;fontheight-357766&#8243; uncode_shortcode_id=&#8221;214274&#8243; text_color_type=&#8221;uncode-palette&#8221;]CV[\/vc_custom_heading][\/vc_column_inner][vc_column_inner column_width_percent=&#8221;100&#8243; position_horizontal=&#8221;left&#8221; position_vertical=&#8221;middle&#8221; gutter_size=&#8221;0&#8243; style=&#8221;dark&#8221; overlay_alpha=&#8221;50&#8243; shift_x=&#8221;0&#8243; shift_y=&#8221;0&#8243; shift_y_down=&#8221;0&#8243; z_index=&#8221;0&#8243; medium_visibility=&#8221;yes&#8221; medium_width=&#8221;0&#8243; mobile_width=&#8221;0&#8243; width=&#8221;3\/4&#8243; uncode_shortcode_id=&#8221;117823&#8243;][vc_column_text text_color=&#8221;color-jevc&#8221; uncode_shortcode_id=&#8221;567834&#8243; text_color_type=&#8221;uncode-palette&#8221;]<\/p>\n<ul>\n<li>2003 \u2013 Masters degree in English and French languages and literature from the University of Zagreb;<\/li>\n<li>2005 \u2013 Masters degree in Macroeconomics from the University of Zagreb;<\/li>\n<li>2006 &#8211; Postgraduate specialist conference interpreting studies (Languages A \u2013 Croatian, B \u2013 English, C \u2013 French);<\/li>\n<li>2007 &#8211; EU Accreditation Test for Freelance Interpreters (Languages A \u2013 Croatian, C \u2013 English and French);<\/li>\n<li>2008 &#8211; Appointed certified court interpreter (English and French) by the County Court in Zagreb.<\/li>\n<\/ul>\n<p>[\/vc_column_text][vc_empty_space empty_h=&#8221;2&#8243;][vc_button button_color=&#8221;accent&#8221; border_width=&#8221;0&#8243; uncode_shortcode_id=&#8221;162140&#8243; link=&#8221;url:https%3A%2F%2Fanaburazin.hr%2Fwp-content%2Fuploads%2F2021%2F11%2FCV-AnaBurazin-ENG.pdf|target:_blank&#8221; button_color_type=&#8221;uncode-palette&#8221;]For more details see CV[\/vc_button][\/vc_column_inner][\/vc_row_inner][\/vc_column][\/vc_row][vc_row row_height_percent=&#8221;0&#8243; override_padding=&#8221;yes&#8221; h_padding=&#8221;2&#8243; top_padding=&#8221;5&#8243; bottom_padding=&#8221;3&#8243; back_color=&#8221;accent&#8221; overlay_alpha=&#8221;50&#8243; gutter_size=&#8221;3&#8243; column_width_percent=&#8221;100&#8243; shift_y=&#8221;0&#8243; z_index=&#8221;0&#8243; uncode_shortcode_id=&#8221;192381&#8243; back_color_type=&#8221;uncode-palette&#8221;][vc_column column_width_percent=&#8221;100&#8243; position_vertical=&#8221;middle&#8221; align_horizontal=&#8221;align_center&#8221; gutter_size=&#8221;2&#8243; style=&#8221;dark&#8221; overlay_alpha=&#8221;50&#8243; shift_x=&#8221;0&#8243; shift_y=&#8221;0&#8243; shift_y_down=&#8221;0&#8243; z_index=&#8221;0&#8243; medium_width=&#8221;0&#8243; mobile_width=&#8221;0&#8243; width=&#8221;1\/1&#8243; uncode_shortcode_id=&#8221;120677&#8243;][vc_custom_heading text_font=&#8221;font-136269&#8243; text_size=&#8221;&#8221; text_weight=&#8221;500&#8243; text_transform=&#8221;uppercase&#8221; text_space=&#8221;fontspace-135905&#8243; uncode_shortcode_id=&#8221;766502&#8243;]A SELECTION OF TRANSLATIONS[\/vc_custom_heading][vc_empty_space][vc_row_inner row_inner_height_percent=&#8221;0&#8243; overlay_alpha=&#8221;0&#8243; gutter_size=&#8221;3&#8243; shift_y=&#8221;0&#8243; z_index=&#8221;0&#8243; uncode_shortcode_id=&#8221;919462&#8243;][vc_column_inner column_width_percent=&#8221;100&#8243; gutter_size=&#8221;3&#8243; overlay_alpha=&#8221;0&#8243; shift_x=&#8221;0&#8243; shift_y=&#8221;0&#8243; shift_y_down=&#8221;0&#8243; z_index=&#8221;0&#8243; medium_width=&#8221;0&#8243; mobile_width=&#8221;0&#8243; width=&#8221;1\/2&#8243; uncode_shortcode_id=&#8221;193221&#8243;][uncode_list icon=&#8221;fa fa-arrow-right-thick&#8221; icon_color=&#8221;color-xsdn&#8221; css_animation=&#8221;right-t-left&#8221; uncode_shortcode_id=&#8221;102489&#8243; icon_color_type=&#8221;uncode-palette&#8221; el_class=&#8221;textColorWhite&#8221;]<\/p>\n<ul>\n<li>Neil MacCormick, <i>Institucije prava<\/i> [Institutions of Law], Naklada Breza, Zagreb, 2014 (417 pages) (co-translator: associate professor L. Burazin);<\/li>\n<li>Oral statement of the Republic of Croatia in the case <i>Accordance with International Law of the Unilateral Declaration of Independence by the Provisional Institutions of Self-Government of Kosovo<\/i>, ambassador Andreja Metelko-Zgombi\u0107, International Court of Justice (ICJ);<\/li>\n<li>Ivan \u0160imonovi\u0107 (ed.), <i>Tu\u017eba zbog genocida u Hrvatskoj 1991. \u2013 1995. pred Me\u0111unarodnim sudom pravde \u2013 RASPRAVA O NADLE\u017dNOSTI <\/i>[Application for Violations of the Convention on the Prevention and Punishment of the Crime of Genocide in Croatia 1991 \u2013 1995, filed before the International Court of Justice \u2013 JURISDICTION], Rabus media d.o.o., Zagreb, 2009 (618 pages);<\/li>\n<\/ul>\n<p>[\/uncode_list][\/vc_column_inner][vc_column_inner width=&#8221;1\/2&#8243;][uncode_list icon=&#8221;fa fa-arrow-right-thick&#8221; icon_color=&#8221;color-xsdn&#8221; css_animation=&#8221;right-t-left&#8221; animation_delay=&#8221;400&#8243; uncode_shortcode_id=&#8221;151367&#8243; icon_color_type=&#8221;uncode-palette&#8221; el_class=&#8221;textColorWhite&#8221;]<\/p>\n<ul>\n<li>Documents relating to the case concerning the Application of the Convention on the Prevention and Punishment of the Crime of Genocide (Croatia v. Serbia) before the International Court of Justice;<\/li>\n<li>European Court of Justice judgments;<\/li>\n<li>Regulations, directives and other EU legislative acts;<\/li>\n<li>Criminal Act and Criminal Procedure Act of the Republic of Croatia;<\/li>\n<li>Court hearings and written pleadings;<\/li>\n<li>Arbitration hearings before the Permanent Arbitration Court of the Croatian Chamber of Commerce.<\/li>\n<\/ul>\n<p>[\/uncode_list][\/vc_column_inner][\/vc_row_inner][\/vc_column][\/vc_row]<\/p>\n","protected":false},"excerpt":{"rendered":"<p>[vc_row row_height_percent=&#8221;85&#8243; override_padding=&#8221;yes&#8221; h_padding=&#8221;2&#8243; top_padding=&#8221;7&#8243; bottom_padding=&#8221;4&#8243; back_color=&#8221;accent&#8221; overlay_alpha=&#8221;50&#8243; gutter_size=&#8221;3&#8243; column_width_percent=&#8221;100&#8243; shift_y=&#8221;0&#8243; z_index=&#8221;0&#8243; top_divider=&#8221;gradient&#8221; uncode_shortcode_id=&#8221;501832&#8243; back_color_type=&#8221;uncode-palette&#8221;][vc_column column_width_percent=&#8221;100&#8243; position_vertical=&#8221;middle&#8221; gutter_size=&#8221;2&#8243; style=&#8221;dark&#8221; overlay_alpha=&#8221;50&#8243; [&hellip;]<\/p>\n","protected":false},"author":1,"featured_media":0,"parent":0,"menu_order":0,"comment_status":"closed","ping_status":"closed","template":"","meta":[],"yoast_head":"<!-- This site is optimized with the Yoast SEO plugin v19.14 - https:\/\/yoast.com\/wordpress\/plugins\/seo\/ -->\n<title>About - Ana Burazin<\/title>\n<meta name=\"robots\" content=\"index, follow, max-snippet:-1, max-image-preview:large, max-video-preview:-1\" \/>\n<link rel=\"canonical\" href=\"https:\/\/anaburazin.hr\/en\/about\/\" \/>\n<meta property=\"og:locale\" content=\"en_US\" \/>\n<meta property=\"og:type\" content=\"article\" \/>\n<meta property=\"og:title\" content=\"About - Ana Burazin\" \/>\n<meta property=\"og:description\" content=\"[vc_row row_height_percent=&#8221;85&#8243; override_padding=&#8221;yes&#8221; h_padding=&#8221;2&#8243; top_padding=&#8221;7&#8243; bottom_padding=&#8221;4&#8243; back_color=&#8221;accent&#8221; overlay_alpha=&#8221;50&#8243; gutter_size=&#8221;3&#8243; column_width_percent=&#8221;100&#8243; shift_y=&#8221;0&#8243; z_index=&#8221;0&#8243; top_divider=&#8221;gradient&#8221; uncode_shortcode_id=&#8221;501832&#8243; back_color_type=&#8221;uncode-palette&#8221;][vc_column column_width_percent=&#8221;100&#8243; position_vertical=&#8221;middle&#8221; gutter_size=&#8221;2&#8243; style=&#8221;dark&#8221; overlay_alpha=&#8221;50&#8243; [&hellip;]\" \/>\n<meta property=\"og:url\" content=\"https:\/\/anaburazin.hr\/en\/about\/\" \/>\n<meta property=\"og:site_name\" content=\"Ana Burazin\" \/>\n<meta property=\"article:modified_time\" content=\"2023-01-16T10:59:12+00:00\" \/>\n<meta name=\"twitter:card\" content=\"summary_large_image\" \/>\n<meta name=\"twitter:label1\" content=\"Est. reading time\" \/>\n\t<meta name=\"twitter:data1\" content=\"5 minutes\" \/>\n<script type=\"application\/ld+json\" class=\"yoast-schema-graph\">{\"@context\":\"https:\/\/schema.org\",\"@graph\":[{\"@type\":\"WebPage\",\"@id\":\"https:\/\/anaburazin.hr\/en\/about\/\",\"url\":\"https:\/\/anaburazin.hr\/en\/about\/\",\"name\":\"About - Ana Burazin\",\"isPartOf\":{\"@id\":\"https:\/\/anaburazin.hr\/#website\"},\"datePublished\":\"2021-11-19T17:27:56+00:00\",\"dateModified\":\"2023-01-16T10:59:12+00:00\",\"breadcrumb\":{\"@id\":\"https:\/\/anaburazin.hr\/en\/about\/#breadcrumb\"},\"inLanguage\":\"en-US\",\"potentialAction\":[{\"@type\":\"ReadAction\",\"target\":[\"https:\/\/anaburazin.hr\/en\/about\/\"]}]},{\"@type\":\"BreadcrumbList\",\"@id\":\"https:\/\/anaburazin.hr\/en\/about\/#breadcrumb\",\"itemListElement\":[{\"@type\":\"ListItem\",\"position\":1,\"name\":\"Po\u010detna stranica\",\"item\":\"https:\/\/anaburazin.hr\/en\/\"},{\"@type\":\"ListItem\",\"position\":2,\"name\":\"About\"}]},{\"@type\":\"WebSite\",\"@id\":\"https:\/\/anaburazin.hr\/#website\",\"url\":\"https:\/\/anaburazin.hr\/\",\"name\":\"Ana Burazin\",\"description\":\"Ana Burazin - usluge usmenog i pismenog prevo\u0111enja u podru\u010dju prava\",\"publisher\":{\"@id\":\"https:\/\/anaburazin.hr\/#organization\"},\"potentialAction\":[{\"@type\":\"SearchAction\",\"target\":{\"@type\":\"EntryPoint\",\"urlTemplate\":\"https:\/\/anaburazin.hr\/?s={search_term_string}\"},\"query-input\":\"required name=search_term_string\"}],\"inLanguage\":\"en-US\"},{\"@type\":\"Organization\",\"@id\":\"https:\/\/anaburazin.hr\/#organization\",\"name\":\"Ana Burazin\",\"url\":\"https:\/\/anaburazin.hr\/\",\"logo\":{\"@type\":\"ImageObject\",\"inLanguage\":\"en-US\",\"@id\":\"https:\/\/anaburazin.hr\/#\/schema\/logo\/image\/\",\"url\":\"https:\/\/anaburazin.hr\/wp-content\/uploads\/2021\/10\/logo-b-2x.png\",\"contentUrl\":\"https:\/\/anaburazin.hr\/wp-content\/uploads\/2021\/10\/logo-b-2x.png\",\"width\":280,\"height\":40,\"caption\":\"Ana Burazin\"},\"image\":{\"@id\":\"https:\/\/anaburazin.hr\/#\/schema\/logo\/image\/\"},\"sameAs\":[\"https:\/\/hr.linkedin.com\/in\/anaburazin\"]}]}<\/script>\n<!-- \/ Yoast SEO plugin. -->","yoast_head_json":{"title":"About - Ana Burazin","robots":{"index":"index","follow":"follow","max-snippet":"max-snippet:-1","max-image-preview":"max-image-preview:large","max-video-preview":"max-video-preview:-1"},"canonical":"https:\/\/anaburazin.hr\/en\/about\/","og_locale":"en_US","og_type":"article","og_title":"About - Ana Burazin","og_description":"[vc_row row_height_percent=&#8221;85&#8243; override_padding=&#8221;yes&#8221; h_padding=&#8221;2&#8243; top_padding=&#8221;7&#8243; bottom_padding=&#8221;4&#8243; back_color=&#8221;accent&#8221; overlay_alpha=&#8221;50&#8243; gutter_size=&#8221;3&#8243; column_width_percent=&#8221;100&#8243; shift_y=&#8221;0&#8243; z_index=&#8221;0&#8243; top_divider=&#8221;gradient&#8221; uncode_shortcode_id=&#8221;501832&#8243; back_color_type=&#8221;uncode-palette&#8221;][vc_column column_width_percent=&#8221;100&#8243; position_vertical=&#8221;middle&#8221; gutter_size=&#8221;2&#8243; style=&#8221;dark&#8221; overlay_alpha=&#8221;50&#8243; [&hellip;]","og_url":"https:\/\/anaburazin.hr\/en\/about\/","og_site_name":"Ana Burazin","article_modified_time":"2023-01-16T10:59:12+00:00","twitter_card":"summary_large_image","twitter_misc":{"Est. reading time":"5 minutes"},"schema":{"@context":"https:\/\/schema.org","@graph":[{"@type":"WebPage","@id":"https:\/\/anaburazin.hr\/en\/about\/","url":"https:\/\/anaburazin.hr\/en\/about\/","name":"About - Ana Burazin","isPartOf":{"@id":"https:\/\/anaburazin.hr\/#website"},"datePublished":"2021-11-19T17:27:56+00:00","dateModified":"2023-01-16T10:59:12+00:00","breadcrumb":{"@id":"https:\/\/anaburazin.hr\/en\/about\/#breadcrumb"},"inLanguage":"en-US","potentialAction":[{"@type":"ReadAction","target":["https:\/\/anaburazin.hr\/en\/about\/"]}]},{"@type":"BreadcrumbList","@id":"https:\/\/anaburazin.hr\/en\/about\/#breadcrumb","itemListElement":[{"@type":"ListItem","position":1,"name":"Po\u010detna stranica","item":"https:\/\/anaburazin.hr\/en\/"},{"@type":"ListItem","position":2,"name":"About"}]},{"@type":"WebSite","@id":"https:\/\/anaburazin.hr\/#website","url":"https:\/\/anaburazin.hr\/","name":"Ana Burazin","description":"Ana Burazin - usluge usmenog i pismenog prevo\u0111enja u podru\u010dju prava","publisher":{"@id":"https:\/\/anaburazin.hr\/#organization"},"potentialAction":[{"@type":"SearchAction","target":{"@type":"EntryPoint","urlTemplate":"https:\/\/anaburazin.hr\/?s={search_term_string}"},"query-input":"required name=search_term_string"}],"inLanguage":"en-US"},{"@type":"Organization","@id":"https:\/\/anaburazin.hr\/#organization","name":"Ana Burazin","url":"https:\/\/anaburazin.hr\/","logo":{"@type":"ImageObject","inLanguage":"en-US","@id":"https:\/\/anaburazin.hr\/#\/schema\/logo\/image\/","url":"https:\/\/anaburazin.hr\/wp-content\/uploads\/2021\/10\/logo-b-2x.png","contentUrl":"https:\/\/anaburazin.hr\/wp-content\/uploads\/2021\/10\/logo-b-2x.png","width":280,"height":40,"caption":"Ana Burazin"},"image":{"@id":"https:\/\/anaburazin.hr\/#\/schema\/logo\/image\/"},"sameAs":["https:\/\/hr.linkedin.com\/in\/anaburazin"]}]}},"_links":{"self":[{"href":"https:\/\/anaburazin.hr\/en\/wp-json\/wp\/v2\/pages\/101790"}],"collection":[{"href":"https:\/\/anaburazin.hr\/en\/wp-json\/wp\/v2\/pages"}],"about":[{"href":"https:\/\/anaburazin.hr\/en\/wp-json\/wp\/v2\/types\/page"}],"author":[{"embeddable":true,"href":"https:\/\/anaburazin.hr\/en\/wp-json\/wp\/v2\/users\/1"}],"replies":[{"embeddable":true,"href":"https:\/\/anaburazin.hr\/en\/wp-json\/wp\/v2\/comments?post=101790"}],"version-history":[{"count":2,"href":"https:\/\/anaburazin.hr\/en\/wp-json\/wp\/v2\/pages\/101790\/revisions"}],"predecessor-version":[{"id":102104,"href":"https:\/\/anaburazin.hr\/en\/wp-json\/wp\/v2\/pages\/101790\/revisions\/102104"}],"wp:attachment":[{"href":"https:\/\/anaburazin.hr\/en\/wp-json\/wp\/v2\/media?parent=101790"}],"curies":[{"name":"wp","href":"https:\/\/api.w.org\/{rel}","templated":true}]}}